{"id":23,"date":"2024-03-26T18:01:43","date_gmt":"2024-03-26T17:01:43","guid":{"rendered":"https:\/\/www.delicass.com\/vegetal\/?page_id=23"},"modified":"2024-10-01T11:06:51","modified_gmt":"2024-10-01T09:06:51","slug":"home","status":"publish","type":"page","link":"https:\/\/www.delicass.com\/vegetal\/","title":{"rendered":"Home"},"content":{"rendered":"\n<div class=\"mwm-hero\">\n\n    <div class=\"mwm-hero__slider hero-swiper-slider swiper\">\n\n        <div class=\"mwm-hero__slider-wrapper swiper-wrapper\">\n\n            \n                \n                    <div class=\"swiper-slide\">\n                        \n                        <div class=\"mwm-hero__media\">\n                                                            <video src=\" https:\/\/www.delicass.com\/vegetal\/wp-content\/uploads\/2024\/05\/delicass-vegetal-home-slider-video-2-1.mp4\" autoplay loop muted playsinline><\/video>\n                                                    <\/div>\n        \n                        <div class=\"mwm-card-cta\">\n                            <div class=\"mwm-card-cta__wrapper\">\n                                <p class=\"mwm-card-cta__pretitle\">Ser m\u00e1s vegetal es ser m\u00e1s Delicass<\/p>\n                                <h2 class=\"mwm-card-cta__title h3-size\">Es ser m\u00e1s natural, m\u00e1s saludable, m\u00e1s sostenible, del norte, un estilo de vida, cuidar del sabor, conocer lo que comes&#8230;<\/h2>\n                                                            <\/div>\n                                                            <div class=\"btn\">\n                                    <a href=\"http:\/\/www.delicass.com\/vegetal\/productos\/\">Ver productos<\/a>\n                                <\/div>\n                                                    <\/div>\n        \n                    <\/div>\n                    \n                \n                    <div class=\"swiper-slide\">\n                        \n                        <div class=\"mwm-hero__media\">\n                                                            <video src=\" https:\/\/www.delicass.com\/vegetal\/wp-content\/uploads\/2024\/05\/delicass-vegetal-home-slider-video-1-1.mp4\" autoplay loop muted playsinline><\/video>\n                                                    <\/div>\n        \n                        <div class=\"mwm-card-cta\">\n                            <div class=\"mwm-card-cta__wrapper\">\n                                <p class=\"mwm-card-cta__pretitle\">Ser m\u00e1s vegetal es ser m\u00e1s Delicass<\/p>\n                                <h2 class=\"mwm-card-cta__title h3-size\">Para un desayuno, cena o picoteo, para untarlo sobre una tosta o cualquier tipo de pan.<\/h2>\n                                                            <\/div>\n                                                    <\/div>\n        \n                    <\/div>\n                    \n                \n                    <div class=\"swiper-slide\">\n                        \n                        <div class=\"mwm-hero__media\">\n                                                            <video src=\" https:\/\/www.delicass.com\/vegetal\/wp-content\/uploads\/2024\/05\/delicass-vegetal-home-slider-video-3.mp4\" autoplay loop muted playsinline><\/video>\n                                                    <\/div>\n        \n                        <div class=\"mwm-card-cta\">\n                            <div class=\"mwm-card-cta__wrapper\">\n                                <p class=\"mwm-card-cta__pretitle\">Ser m\u00e1s vegetal es ser m\u00e1s Delicass<\/p>\n                                <h2 class=\"mwm-card-cta__title h3-size\">100% vegetal, muy saludable, rico en vitamina E, y sin conservantes ni colorantes<\/h2>\n                                                            <\/div>\n                                                            <div class=\"btn\">\n                                    <a href=\"\/vegetal\/contacto\/\">Contacto<\/a>\n                                <\/div>\n                                                    <\/div>\n        \n                    <\/div>\n                    \n                \n            \n                            <div class=\"swiper-buttons max-2\">\n                    <div class=\"swiper-button prev\">\n                        <svg width=\"14\" height=\"16\" viewBox=\"0 0 14 16\" fill=\"none\" xmlns=\"http:\/\/www.w3.org\/2000\/svg\">\n\t<path d=\"M14 8L0.143594 16L0.143594 0L14 8Z\" fill=\"currentColor\"\/>\n<\/svg>\n                    <\/div>\n                    <div class=\"swiper-button next\">\n                        <svg width=\"14\" height=\"16\" viewBox=\"0 0 14 16\" fill=\"none\" xmlns=\"http:\/\/www.w3.org\/2000\/svg\">\n\t<path d=\"M14 8L0.143594 16L0.143594 0L14 8Z\" fill=\"currentColor\"\/>\n<\/svg>\n                    <\/div>\n                <\/div>\n            \n        <\/div>\n\n                       \n            <div class=\"swiper-pagination\"><\/div>\n        \n    <\/div>\n\n<\/div>\n\n\n\n\n<div class=\"mwm-home-cards\">\n    <div class=\"max-3\">\n        <h2 class=\"mwm-home-cards__title\">Disfruta del sabor m\u00e1s natural de nuestra nueva gama de pat\u00e9s 100% vegetales.<\/h2>\n                    \n            <div class=\"mwm-home-cards__list\">\n\n                \n                    <article class=\"mwm-card-product\">\n                        <div class=\"mwm-card-product__media\">\n                            <img loading=\"lazy\" decoding=\"async\" width=\"1646\" height=\"1688\" src=\"https:\/\/www.delicass.com\/vegetal\/wp-content\/uploads\/2024\/10\/delicass-vegetal-home-productos-receta-clasica.jpg\" class=\"attachment-full size-full\" alt=\"\" srcset=\"https:\/\/www.delicass.com\/vegetal\/wp-content\/uploads\/2024\/10\/delicass-vegetal-home-productos-receta-clasica.jpg 1646w, https:\/\/www.delicass.com\/vegetal\/wp-content\/uploads\/2024\/10\/delicass-vegetal-home-productos-receta-clasica-293x300.jpg 293w, https:\/\/www.delicass.com\/vegetal\/wp-content\/uploads\/2024\/10\/delicass-vegetal-home-productos-receta-clasica-999x1024.jpg 999w, https:\/\/www.delicass.com\/vegetal\/wp-content\/uploads\/2024\/10\/delicass-vegetal-home-productos-receta-clasica-768x788.jpg 768w, https:\/\/www.delicass.com\/vegetal\/wp-content\/uploads\/2024\/10\/delicass-vegetal-home-productos-receta-clasica-1498x1536.jpg 1498w, https:\/\/www.delicass.com\/vegetal\/wp-content\/uploads\/2024\/10\/delicass-vegetal-home-productos-receta-clasica-700x718.jpg 700w\" sizes=\"auto, (max-width: 1646px) 100vw, 1646px\" \/>     \n                        <\/div>\n                        <div class=\"mwm-card-product__content\">\n                            <div class=\"mwm-card-product__content-wrapper\">\n                                <p class=\"mwm-card-product__name\">Receta cl\u00e1sica<\/p>\n                                <p class=\"mwm-card-product__desc\">Tu opci\u00f3n saludable en desayunos y picoteos<\/p>\n                            <\/div>\n                                                            <div class=\"mwm-card-product__btn\">\n                                    <div class=\"btn btn--2\">\n                                        <a href=\"https:\/\/www.delicass.com\/vegetal\/producto\/receta-clasica\/\">Ver producto<\/a>\n                                    <\/div>\n                                <\/div>\n                                                    <\/div>\n                    <\/article>\n\n                \n                    <article class=\"mwm-card-product\">\n                        <div class=\"mwm-card-product__media\">\n                            <img loading=\"lazy\" decoding=\"async\" width=\"1646\" height=\"1688\" src=\"https:\/\/www.delicass.com\/vegetal\/wp-content\/uploads\/2024\/10\/delicass-vegetal-home-productos-dos-olivas.jpg\" class=\"attachment-full size-full\" alt=\"\" srcset=\"https:\/\/www.delicass.com\/vegetal\/wp-content\/uploads\/2024\/10\/delicass-vegetal-home-productos-dos-olivas.jpg 1646w, https:\/\/www.delicass.com\/vegetal\/wp-content\/uploads\/2024\/10\/delicass-vegetal-home-productos-dos-olivas-293x300.jpg 293w, https:\/\/www.delicass.com\/vegetal\/wp-content\/uploads\/2024\/10\/delicass-vegetal-home-productos-dos-olivas-999x1024.jpg 999w, https:\/\/www.delicass.com\/vegetal\/wp-content\/uploads\/2024\/10\/delicass-vegetal-home-productos-dos-olivas-768x788.jpg 768w, https:\/\/www.delicass.com\/vegetal\/wp-content\/uploads\/2024\/10\/delicass-vegetal-home-productos-dos-olivas-1498x1536.jpg 1498w, https:\/\/www.delicass.com\/vegetal\/wp-content\/uploads\/2024\/10\/delicass-vegetal-home-productos-dos-olivas-700x718.jpg 700w\" sizes=\"auto, (max-width: 1646px) 100vw, 1646px\" \/>     \n                        <\/div>\n                        <div class=\"mwm-card-product__content\">\n                            <div class=\"mwm-card-product__content-wrapper\">\n                                <p class=\"mwm-card-product__name\">Dos olivas<\/p>\n                                <p class=\"mwm-card-product__desc\">Delicioso en tosta crujiente<\/p>\n                            <\/div>\n                                                            <div class=\"mwm-card-product__btn\">\n                                    <div class=\"btn btn--2\">\n                                        <a href=\"https:\/\/www.delicass.com\/vegetal\/producto\/dos-olivas\">Ver producto<\/a>\n                                    <\/div>\n                                <\/div>\n                                                    <\/div>\n                    <\/article>\n\n                \n                    <article class=\"mwm-card-product\">\n                        <div class=\"mwm-card-product__media\">\n                            <img loading=\"lazy\" decoding=\"async\" width=\"1646\" height=\"1688\" src=\"https:\/\/www.delicass.com\/vegetal\/wp-content\/uploads\/2024\/10\/delicass-vegetal-home-productos-cebolla-caramelizada.jpg\" class=\"attachment-full size-full\" alt=\"\" srcset=\"https:\/\/www.delicass.com\/vegetal\/wp-content\/uploads\/2024\/10\/delicass-vegetal-home-productos-cebolla-caramelizada.jpg 1646w, https:\/\/www.delicass.com\/vegetal\/wp-content\/uploads\/2024\/10\/delicass-vegetal-home-productos-cebolla-caramelizada-293x300.jpg 293w, https:\/\/www.delicass.com\/vegetal\/wp-content\/uploads\/2024\/10\/delicass-vegetal-home-productos-cebolla-caramelizada-999x1024.jpg 999w, https:\/\/www.delicass.com\/vegetal\/wp-content\/uploads\/2024\/10\/delicass-vegetal-home-productos-cebolla-caramelizada-768x788.jpg 768w, https:\/\/www.delicass.com\/vegetal\/wp-content\/uploads\/2024\/10\/delicass-vegetal-home-productos-cebolla-caramelizada-1498x1536.jpg 1498w, https:\/\/www.delicass.com\/vegetal\/wp-content\/uploads\/2024\/10\/delicass-vegetal-home-productos-cebolla-caramelizada-700x718.jpg 700w\" sizes=\"auto, (max-width: 1646px) 100vw, 1646px\" \/>     \n                        <\/div>\n                        <div class=\"mwm-card-product__content\">\n                            <div class=\"mwm-card-product__content-wrapper\">\n                                <p class=\"mwm-card-product__name\">Cebolla caramelizada<\/p>\n                                <p class=\"mwm-card-product__desc\">Recomendado con cualquier tipo de pan<\/p>\n                            <\/div>\n                                                            <div class=\"mwm-card-product__btn\">\n                                    <div class=\"btn btn--2\">\n                                        <a href=\"https:\/\/www.delicass.com\/vegetal\/producto\/cebolla-caramelizada\/\">Ver producto<\/a>\n                                    <\/div>\n                                <\/div>\n                                                    <\/div>\n                    <\/article>\n\n                \n                    <article class=\"mwm-card-product\">\n                        <div class=\"mwm-card-product__media\">\n                            <img loading=\"lazy\" decoding=\"async\" width=\"1646\" height=\"1688\" src=\"https:\/\/www.delicass.com\/vegetal\/wp-content\/uploads\/2024\/10\/delicass-vegetal-home-productos-pimientos-rojos-asados.jpg\" class=\"attachment-full size-full\" alt=\"\" srcset=\"https:\/\/www.delicass.com\/vegetal\/wp-content\/uploads\/2024\/10\/delicass-vegetal-home-productos-pimientos-rojos-asados.jpg 1646w, https:\/\/www.delicass.com\/vegetal\/wp-content\/uploads\/2024\/10\/delicass-vegetal-home-productos-pimientos-rojos-asados-293x300.jpg 293w, https:\/\/www.delicass.com\/vegetal\/wp-content\/uploads\/2024\/10\/delicass-vegetal-home-productos-pimientos-rojos-asados-999x1024.jpg 999w, https:\/\/www.delicass.com\/vegetal\/wp-content\/uploads\/2024\/10\/delicass-vegetal-home-productos-pimientos-rojos-asados-768x788.jpg 768w, https:\/\/www.delicass.com\/vegetal\/wp-content\/uploads\/2024\/10\/delicass-vegetal-home-productos-pimientos-rojos-asados-1498x1536.jpg 1498w, https:\/\/www.delicass.com\/vegetal\/wp-content\/uploads\/2024\/10\/delicass-vegetal-home-productos-pimientos-rojos-asados-700x718.jpg 700w\" sizes=\"auto, (max-width: 1646px) 100vw, 1646px\" \/>     \n                        <\/div>\n                        <div class=\"mwm-card-product__content\">\n                            <div class=\"mwm-card-product__content-wrapper\">\n                                <p class=\"mwm-card-product__name\">Pimientos rojos asados<\/p>\n                                <p class=\"mwm-card-product__desc\">Ideal para el aperitivo<\/p>\n                            <\/div>\n                                                            <div class=\"mwm-card-product__btn\">\n                                    <div class=\"btn btn--2\">\n                                        <a href=\"https:\/\/www.delicass.com\/vegetal\/producto\/pimientos-rojos-asados\/\">Ver producto<\/a>\n                                    <\/div>\n                                <\/div>\n                                                    <\/div>\n                    <\/article>\n\n                \n            <\/div>\n\n        \n    <\/div>\n<\/div>\n\n\n<div class=\"wp-block-group is-style-is-white-bg is-style-white-bg\"><div class=\"wp-block-group__inner-container is-layout-constrained wp-block-group-is-layout-constrained\">\n<div class=\"mwm-section-col-reverse\">\n    <div class=\"mwm-section-col-reverse__row\">\n        <div class=\"mwm-section-col-reverse__info-wrapper\">\n            <div class=\"mwm-section-col-reverse__info\">\n                <h2 class=\"mwm-section-col-reverse__title\">\n                    La mejor opci\u00f3n para degustar con cualquier tipo de pan, tostas, bagels, mini biscotes, mermeladas o salsas.                <\/h2>\n                <div class=\"mwm-section-col-reverse__desc\">\n                    <p>Podr\u00e1s elegir entre cuatro sabores para convertir el aperitivo en el mejor momento del d\u00eda. O el desayuno. O un picoteo improvisado. <span style=\"font-weight: 400;\">\u00bfTienes invitados sorpresa para cenar? Sorpr\u00e9ndeles con la garant\u00eda de calidad de Delicass.<\/span><\/p>\n                <\/div>\n            <\/div>\n        <\/div>\n        <div class=\"mwm-section-col-reverse__media\">\n            <img loading=\"lazy\" decoding=\"async\" width=\"1920\" height=\"2560\" src=\"https:\/\/www.delicass.com\/vegetal\/wp-content\/uploads\/2024\/10\/Delicass-vegetal-seccion-clasica.jpg\" class=\"attachment-full size-full\" alt=\"\" srcset=\"https:\/\/www.delicass.com\/vegetal\/wp-content\/uploads\/2024\/10\/Delicass-vegetal-seccion-clasica.jpg 1920w, https:\/\/www.delicass.com\/vegetal\/wp-content\/uploads\/2024\/10\/Delicass-vegetal-seccion-clasica-225x300.jpg 225w, https:\/\/www.delicass.com\/vegetal\/wp-content\/uploads\/2024\/10\/Delicass-vegetal-seccion-clasica-768x1024.jpg 768w, https:\/\/www.delicass.com\/vegetal\/wp-content\/uploads\/2024\/10\/Delicass-vegetal-seccion-clasica-1152x1536.jpg 1152w, https:\/\/www.delicass.com\/vegetal\/wp-content\/uploads\/2024\/10\/Delicass-vegetal-seccion-clasica-1536x2048.jpg 1536w, https:\/\/www.delicass.com\/vegetal\/wp-content\/uploads\/2024\/10\/Delicass-vegetal-seccion-clasica-700x933.jpg 700w\" sizes=\"auto, (max-width: 1920px) 100vw, 1920px\" \/>     \n        <\/div>\n    <\/div>\n    <div class=\"mwm-section-col-reverse__row reverse\">\n        <div class=\"mwm-section-col-reverse__info-wrapper\">\n            <div class=\"mwm-section-col-reverse__info\">\n                <h2 class=\"mwm-section-col-reverse__title\">\n                    No hay nada m\u00e1s natural para nosotros que presentar una nueva gama de pat\u00e9s hechos con ingredientes de origen 100% vegetal, sin renunciar a todo el sabor y textura de los mejores pat\u00e9s tradicionales.<\/h2>\n                <div class=\"mwm-section-col-reverse__desc\">\n                    <p>Delicass siempre se ha comprometido con la calidad, el sabor, los productos naturales y la elaboraci\u00f3n artesana.<\/p>\n                <\/div>\n            <\/div>\n        <\/div>\n        <div class=\"mwm-section-col-reverse__media\">\n            <img loading=\"lazy\" decoding=\"async\" width=\"1920\" height=\"2560\" src=\"https:\/\/www.delicass.com\/vegetal\/wp-content\/uploads\/2024\/10\/Delicass-vegetal-seccion-cebolla.jpg\" class=\"attachment-full size-full\" alt=\"\" srcset=\"https:\/\/www.delicass.com\/vegetal\/wp-content\/uploads\/2024\/10\/Delicass-vegetal-seccion-cebolla.jpg 1920w, https:\/\/www.delicass.com\/vegetal\/wp-content\/uploads\/2024\/10\/Delicass-vegetal-seccion-cebolla-225x300.jpg 225w, https:\/\/www.delicass.com\/vegetal\/wp-content\/uploads\/2024\/10\/Delicass-vegetal-seccion-cebolla-768x1024.jpg 768w, https:\/\/www.delicass.com\/vegetal\/wp-content\/uploads\/2024\/10\/Delicass-vegetal-seccion-cebolla-1152x1536.jpg 1152w, https:\/\/www.delicass.com\/vegetal\/wp-content\/uploads\/2024\/10\/Delicass-vegetal-seccion-cebolla-1536x2048.jpg 1536w, https:\/\/www.delicass.com\/vegetal\/wp-content\/uploads\/2024\/10\/Delicass-vegetal-seccion-cebolla-700x933.jpg 700w\" sizes=\"auto, (max-width: 1920px) 100vw, 1920px\" \/>   \n        <\/div>\n    <\/div>\n<\/div>\n\n\n\n<\/div><\/div>\n\n\n\n<div class=\"wp-block-group is-style-pale-sky-bg\"><div class=\"wp-block-group__inner-container is-layout-constrained wp-block-group-is-layout-constrained\">\n<div class=\"mwm-hero\">\n\n    <div class=\"mwm-hero__slider hero-swiper-slider swiper\">\n\n        <div class=\"mwm-hero__slider-wrapper swiper-wrapper\">\n\n            \n                \n                    <div class=\"swiper-slide\">\n                        \n                        <div class=\"mwm-hero__media\">\n                                                            <img loading=\"lazy\" decoding=\"async\" width=\"1920\" height=\"756\" src=\"https:\/\/www.delicass.com\/vegetal\/wp-content\/uploads\/2024\/04\/delicass-vegetal-home-slider-receta-clasica.webp\" class=\"attachment-full size-full\" alt=\"\" srcset=\"https:\/\/www.delicass.com\/vegetal\/wp-content\/uploads\/2024\/04\/delicass-vegetal-home-slider-receta-clasica.webp 1920w, https:\/\/www.delicass.com\/vegetal\/wp-content\/uploads\/2024\/04\/delicass-vegetal-home-slider-receta-clasica-300x118.webp 300w, https:\/\/www.delicass.com\/vegetal\/wp-content\/uploads\/2024\/04\/delicass-vegetal-home-slider-receta-clasica-1024x403.webp 1024w, https:\/\/www.delicass.com\/vegetal\/wp-content\/uploads\/2024\/04\/delicass-vegetal-home-slider-receta-clasica-768x302.webp 768w, https:\/\/www.delicass.com\/vegetal\/wp-content\/uploads\/2024\/04\/delicass-vegetal-home-slider-receta-clasica-1536x605.webp 1536w, https:\/\/www.delicass.com\/vegetal\/wp-content\/uploads\/2024\/04\/delicass-vegetal-home-slider-receta-clasica-700x276.webp 700w\" sizes=\"auto, (max-width: 1920px) 100vw, 1920px\" \/>                                                    <\/div>\n        \n                        <div class=\"mwm-card-cta\">\n                            <div class=\"mwm-card-cta__wrapper\">\n                                <p class=\"mwm-card-cta__pretitle\">Tan Delicass<\/p>\n                                <h2 class=\"mwm-card-cta__title h3-size\">\u00bfUn pat\u00e9 de origen 100% vegetal pero con todo el sabor y textura de los mejores pat\u00e9s tradicionales?<\/h2>\n                                                                    <p class=\"mwm-card-cta__desc\">Si, as\u00ed de sencillo. Y lo mejor: esta gama cuenta con variedad de sabores.<\/p>\n                                                            <\/div>\n                                                            <div class=\"btn\">\n                                    <a href=\"http:\/\/www.delicass.com\/vegetal\/productos\/\">Ver productos<\/a>\n                                <\/div>\n                                                    <\/div>\n        \n                    <\/div>\n                    \n                \n            \n            \n        <\/div>\n\n        \n    <\/div>\n\n<\/div>\n\n<\/div><\/div>\n","protected":false},"excerpt":{"rendered":"","protected":false},"author":7,"featured_media":0,"parent":0,"menu_order":0,"comment_status":"closed","ping_status":"closed","template":"","meta":{"_acf_changed":false,"inline_featured_image":false,"footnotes":""},"class_list":["post-23","page","type-page","status-publish","hentry"],"acf":[],"_links":{"self":[{"href":"https:\/\/www.delicass.com\/vegetal\/wp-json\/wp\/v2\/pages\/23","targetHints":{"allow":["GET"]}}],"collection":[{"href":"https:\/\/www.delicass.com\/vegetal\/wp-json\/wp\/v2\/pages"}],"about":[{"href":"https:\/\/www.delicass.com\/vegetal\/wp-json\/wp\/v2\/types\/page"}],"author":[{"embeddable":true,"href":"https:\/\/www.delicass.com\/vegetal\/wp-json\/wp\/v2\/users\/7"}],"replies":[{"embeddable":true,"href":"https:\/\/www.delicass.com\/vegetal\/wp-json\/wp\/v2\/comments?post=23"}],"version-history":[{"count":67,"href":"https:\/\/www.delicass.com\/vegetal\/wp-json\/wp\/v2\/pages\/23\/revisions"}],"predecessor-version":[{"id":526,"href":"https:\/\/www.delicass.com\/vegetal\/wp-json\/wp\/v2\/pages\/23\/revisions\/526"}],"wp:attachment":[{"href":"https:\/\/www.delicass.com\/vegetal\/wp-json\/wp\/v2\/media?parent=23"}],"curies":[{"name":"wp","href":"https:\/\/api.w.org\/{rel}","templated":true}]}}