{"id":80,"date":"2024-03-27T18:02:41","date_gmt":"2024-03-27T17:02:41","guid":{"rendered":"https:\/\/www.delicass.com\/vegetal\/?post_type=product&#038;p=80"},"modified":"2024-10-01T11:38:57","modified_gmt":"2024-10-01T09:38:57","slug":"receta-clasica","status":"publish","type":"product","link":"https:\/\/www.delicass.com\/vegetal\/producto\/receta-clasica\/","title":{"rendered":"Pat\u00e9 Vegetal Receta cl\u00e1sica"},"content":{"rendered":"","protected":false},"excerpt":{"rendered":"<h3><span style=\"font-weight: 300;\">Para los que buscan una dieta saludable.<\/span><\/h3>\n<p><span style=\"font-weight: 300;\">Una receta \u00fanica de textura firme y sabor incre\u00edble que despertar\u00e1 tus sentidos. Ideal para el aperitivo, un picoteo o en el desayuno.<\/span><\/p>\n","protected":false},"featured_media":273,"comment_status":"open","ping_status":"closed","template":"","meta":{"_acf_changed":false,"inline_featured_image":false},"product_brand":[],"product_cat":[17],"product_tag":[],"class_list":{"0":"post-80","1":"product","2":"type-product","3":"status-publish","4":"has-post-thumbnail","6":"product_cat-vegetal","8":"first","9":"instock","10":"shipping-taxable","11":"product-type-simple"},"acf":[],"_links":{"self":[{"href":"https:\/\/www.delicass.com\/vegetal\/wp-json\/wp\/v2\/product\/80","targetHints":{"allow":["GET"]}}],"collection":[{"href":"https:\/\/www.delicass.com\/vegetal\/wp-json\/wp\/v2\/product"}],"about":[{"href":"https:\/\/www.delicass.com\/vegetal\/wp-json\/wp\/v2\/types\/product"}],"replies":[{"embeddable":true,"href":"https:\/\/www.delicass.com\/vegetal\/wp-json\/wp\/v2\/comments?post=80"}],"wp:featuredmedia":[{"embeddable":true,"href":"https:\/\/www.delicass.com\/vegetal\/wp-json\/wp\/v2\/media\/273"}],"wp:attachment":[{"href":"https:\/\/www.delicass.com\/vegetal\/wp-json\/wp\/v2\/media?parent=80"}],"wp:term":[{"taxonomy":"product_brand","embeddable":true,"href":"https:\/\/www.delicass.com\/vegetal\/wp-json\/wp\/v2\/product_brand?post=80"},{"taxonomy":"product_cat","embeddable":true,"href":"https:\/\/www.delicass.com\/vegetal\/wp-json\/wp\/v2\/product_cat?post=80"},{"taxonomy":"product_tag","embeddable":true,"href":"https:\/\/www.delicass.com\/vegetal\/wp-json\/wp\/v2\/product_tag?post=80"}],"curies":[{"name":"wp","href":"https:\/\/api.w.org\/{rel}","templated":true}]}}